{"id":16777,"date":"2024-05-21T18:05:46","date_gmt":"2024-05-21T16:05:46","guid":{"rendered":"https:\/\/www.chrismurner.ch\/boutique\/uncategorized\/nova-size-l-5\/"},"modified":"2025-01-16T12:38:47","modified_gmt":"2025-01-16T11:38:47","slug":"nova-size-l-5","status":"publish","type":"product","link":"https:\/\/www.chrismurner.ch\/en\/produit\/nova-size-l-5\/","title":{"rendered":"Nova taille L"},"content":{"rendered":"<p>NOVA c\u00e9l\u00e8bre le renouveau et le mouvement perp\u00e9tuel de la vie, nous invitant \u00e0 contempler les plaisirs simples de notre existence. Les mati\u00e8res et les teintes s\u2019inspirent des \u00e9l\u00e9ments naturels, comme les tons des min\u00e9raux.<br \/>\nEn trois tailles et une vari\u00e9t\u00e9 de coloris, cette collection a \u00e9t\u00e9 confectionn\u00e9e dans notre atelier, avec des cuirs de tanneries europ\u00e9ennes \u00e9co-responsables et d\u2019usine de fin de stock comme toujours.<\/p>\n<ul>\n<li>format L (A4)<\/li>\n<li>cuir lisse et grain\u00e9 lion<\/li>\n<li>bandouli\u00e8re r\u00e9glable avec boucle recouverte de cuir<\/li>\n<li>2 poches de chaque c\u00f4t\u00e9<\/li>\n<li>am\u00e9nagement int\u00e9rieur : 1 poche simple<\/li>\n<li>doublure : alcantara beige<\/li>\n<\/ul>\n","protected":false},"excerpt":{"rendered":"<p>NOVA c\u00e9l\u00e8bre le renouveau et le mouvement perp\u00e9tuel de la vie, nous invitant \u00e0 contempler les plaisirs simples de notre existence. Les mati\u00e8res et les teintes s\u2019inspirent des \u00e9l\u00e9ments naturels, comme les tons des min\u00e9raux. En trois tailles et une vari\u00e9t\u00e9 de coloris, cette collection a \u00e9t\u00e9 confectionn\u00e9e dans notre atelier, avec des cuirs de [&hellip;]<\/p>\n","protected":false},"featured_media":16133,"template":"","meta":[],"product_brand":[],"product_cat":[291],"product_tag":[],"categories-smart":[324,323],"collections":[333],"marque":[348],"class_list":{"0":"post-16777","1":"product","2":"type-product","3":"status-publish","4":"has-post-thumbnail","6":"product_cat-uncategorized","7":"pa_matiere-grained-leather","8":"pa_matiere-smooth-leather","9":"categories-smart-a4-en","10":"categories-smart-shopping-bag","11":"collections-nova-en","12":"marque-cc-mere-et-fille-en","14":"first","15":"instock","16":"shipping-taxable","17":"purchasable","18":"product-type-simple"},"jetpack_sharing_enabled":true,"_links":{"self":[{"href":"https:\/\/www.chrismurner.ch\/en\/wp-json\/wp\/v2\/product\/16777","targetHints":{"allow":["GET"]}}],"collection":[{"href":"https:\/\/www.chrismurner.ch\/en\/wp-json\/wp\/v2\/product"}],"about":[{"href":"https:\/\/www.chrismurner.ch\/en\/wp-json\/wp\/v2\/types\/product"}],"version-history":[{"count":5,"href":"https:\/\/www.chrismurner.ch\/en\/wp-json\/wp\/v2\/product\/16777\/revisions"}],"predecessor-version":[{"id":22991,"href":"https:\/\/www.chrismurner.ch\/en\/wp-json\/wp\/v2\/product\/16777\/revisions\/22991"}],"wp:featuredmedia":[{"embeddable":true,"href":"https:\/\/www.chrismurner.ch\/en\/wp-json\/wp\/v2\/media\/16133"}],"wp:attachment":[{"href":"https:\/\/www.chrismurner.ch\/en\/wp-json\/wp\/v2\/media?parent=16777"}],"wp:term":[{"taxonomy":"product_brand","embeddable":true,"href":"https:\/\/www.chrismurner.ch\/en\/wp-json\/wp\/v2\/product_brand?post=16777"},{"taxonomy":"product_cat","embeddable":true,"href":"https:\/\/www.chrismurner.ch\/en\/wp-json\/wp\/v2\/product_cat?post=16777"},{"taxonomy":"product_tag","embeddable":true,"href":"https:\/\/www.chrismurner.ch\/en\/wp-json\/wp\/v2\/product_tag?post=16777"},{"taxonomy":"categories-smart","embeddable":true,"href":"https:\/\/www.chrismurner.ch\/en\/wp-json\/wp\/v2\/categories-smart?post=16777"},{"taxonomy":"collections","embeddable":true,"href":"https:\/\/www.chrismurner.ch\/en\/wp-json\/wp\/v2\/collections?post=16777"},{"taxonomy":"marque","embeddable":true,"href":"https:\/\/www.chrismurner.ch\/en\/wp-json\/wp\/v2\/marque?post=16777"}],"curies":[{"name":"wp","href":"https:\/\/api.w.org\/{rel}","templated":true}]}}