{"id":24185,"date":"2022-01-20T15:44:57","date_gmt":"2022-01-20T14:44:57","guid":{"rendered":"https:\/\/www.chrismurner.ch\/produit\/selene-2\/"},"modified":"2025-02-17T18:09:56","modified_gmt":"2025-02-17T17:09:56","slug":"selene-11","status":"publish","type":"product","link":"https:\/\/www.chrismurner.ch\/en\/produit\/selene-11\/","title":{"rendered":"S\u00e9l\u00e9n\u00e9"},"content":{"rendered":"<p>With this Lune collection, we&#8217;ve explored new geometric shapes, reminiscent of the classic besace style but with a modern twist, and of course that little C-C touch that makes it so charming: the play of textures and subtle nuances of tone.<\/p>\n<p>The shape of these models evokes the phases of the moon, which is why each pays homage to a moon goddess from mythology: Luna, Dana, Selene and Sirona.<\/p>\n<ul>\n<li>smooth calf leather, nubuck and dark grey snakeskin print<\/li>\n<li>shoulder strap with tortoiseshell-effect rings<\/li>\n<li>zipper<\/li>\n<li>lining: blue alcantara<\/li>\n<li>interior layout: 1 zippered pocket<\/li>\n<\/ul>\n<p>&nbsp;<\/p>\n","protected":false},"excerpt":{"rendered":"<p>With this Lune collection, we&#8217;ve explored new geometric shapes, reminiscent of the classic besace style but with a modern twist, and of course that little C-C touch that makes it so charming: the play of textures and subtle nuances of tone. The shape of these models evokes the phases of the moon, which is why [&hellip;]<\/p>\n","protected":false},"featured_media":14799,"template":"","meta":[],"product_brand":[],"product_cat":[291],"product_tag":[],"categories-smart":[319,315],"collections":[335],"marque":[348],"class_list":{"0":"post-24185","1":"product","2":"type-product","3":"status-publish","4":"has-post-thumbnail","6":"product_cat-uncategorized","7":"pa_couleurs-black","8":"pa_couleurs-grey","9":"pa_matiere-exotic-prints","10":"pa_matiere-smooth-leather","11":"pa_matiere-suede-leather","12":"categories-smart-female","13":"categories-smart-shoulder-bags","14":"collections-moon","15":"marque-cc-mere-et-fille-en","17":"first","18":"instock","19":"shipping-taxable","20":"purchasable","21":"product-type-simple"},"jetpack_sharing_enabled":true,"_links":{"self":[{"href":"https:\/\/www.chrismurner.ch\/en\/wp-json\/wp\/v2\/product\/24185","targetHints":{"allow":["GET"]}}],"collection":[{"href":"https:\/\/www.chrismurner.ch\/en\/wp-json\/wp\/v2\/product"}],"about":[{"href":"https:\/\/www.chrismurner.ch\/en\/wp-json\/wp\/v2\/types\/product"}],"version-history":[{"count":1,"href":"https:\/\/www.chrismurner.ch\/en\/wp-json\/wp\/v2\/product\/24185\/revisions"}],"predecessor-version":[{"id":25146,"href":"https:\/\/www.chrismurner.ch\/en\/wp-json\/wp\/v2\/product\/24185\/revisions\/25146"}],"wp:featuredmedia":[{"embeddable":true,"href":"https:\/\/www.chrismurner.ch\/en\/wp-json\/wp\/v2\/media\/14799"}],"wp:attachment":[{"href":"https:\/\/www.chrismurner.ch\/en\/wp-json\/wp\/v2\/media?parent=24185"}],"wp:term":[{"taxonomy":"product_brand","embeddable":true,"href":"https:\/\/www.chrismurner.ch\/en\/wp-json\/wp\/v2\/product_brand?post=24185"},{"taxonomy":"product_cat","embeddable":true,"href":"https:\/\/www.chrismurner.ch\/en\/wp-json\/wp\/v2\/product_cat?post=24185"},{"taxonomy":"product_tag","embeddable":true,"href":"https:\/\/www.chrismurner.ch\/en\/wp-json\/wp\/v2\/product_tag?post=24185"},{"taxonomy":"categories-smart","embeddable":true,"href":"https:\/\/www.chrismurner.ch\/en\/wp-json\/wp\/v2\/categories-smart?post=24185"},{"taxonomy":"collections","embeddable":true,"href":"https:\/\/www.chrismurner.ch\/en\/wp-json\/wp\/v2\/collections?post=24185"},{"taxonomy":"marque","embeddable":true,"href":"https:\/\/www.chrismurner.ch\/en\/wp-json\/wp\/v2\/marque?post=24185"}],"curies":[{"name":"wp","href":"https:\/\/api.w.org\/{rel}","templated":true}]}}