{"id":24436,"date":"2021-05-03T13:44:38","date_gmt":"2021-05-03T11:44:38","guid":{"rendered":"https:\/\/www.chrismurner.ch\/?post_type=product&#038;p=24436"},"modified":"2025-03-13T11:05:20","modified_gmt":"2025-03-13T10:05:20","slug":"selene-8","status":"publish","type":"product","link":"https:\/\/www.chrismurner.ch\/en\/produit\/selene-8\/","title":{"rendered":"S\u00e9l\u00e9n\u00e9"},"content":{"rendered":"<p>With this Lune collection, we&#8217;ve explored new geometric shapes, reminiscent of the classic besace style but with a modern twist, and of course that little C-C touch that makes it so charming: the play of textures and subtle nuances of tone.<\/p>\n<p>The shape of these models evokes the phases of the moon, which is why each pays homage to a moon goddess from mythology: Luna, Dana, Selene and Sirona.<\/p>\n<ul>\n<li>smooth calf leather, nubuck and beige crocodile print<\/li>\n<li>shoulder strap with tortoiseshell-effect rings<\/li>\n<li>zipper<\/li>\n<li>lining: beige alcantara<\/li>\n<li>interior layout: 1 zippered pocket<\/li>\n<\/ul>\n","protected":false},"excerpt":{"rendered":"<p>With this Lune collection, we&#8217;ve explored new geometric shapes, reminiscent of the classic besace style but with a modern twist, and of course that little C-C touch that makes it so charming: the play of textures and subtle nuances of tone. The shape of these models evokes the phases of the moon, which is why [&hellip;]<\/p>\n","protected":false},"featured_media":14253,"template":"","meta":[],"product_brand":[],"product_cat":[291],"product_tag":[],"categories-smart":[319,315],"collections":[335],"marque":[348],"class_list":{"0":"post-24436","1":"product","2":"type-product","3":"status-publish","4":"has-post-thumbnail","6":"product_cat-uncategorized","7":"categories-smart-female","8":"categories-smart-shoulder-bags","9":"collections-moon","10":"marque-cc-mere-et-fille-en","12":"first","13":"instock","14":"shipping-taxable","15":"purchasable","16":"product-type-simple"},"jetpack_sharing_enabled":true,"_links":{"self":[{"href":"https:\/\/www.chrismurner.ch\/en\/wp-json\/wp\/v2\/product\/24436","targetHints":{"allow":["GET"]}}],"collection":[{"href":"https:\/\/www.chrismurner.ch\/en\/wp-json\/wp\/v2\/product"}],"about":[{"href":"https:\/\/www.chrismurner.ch\/en\/wp-json\/wp\/v2\/types\/product"}],"version-history":[{"count":1,"href":"https:\/\/www.chrismurner.ch\/en\/wp-json\/wp\/v2\/product\/24436\/revisions"}],"predecessor-version":[{"id":25711,"href":"https:\/\/www.chrismurner.ch\/en\/wp-json\/wp\/v2\/product\/24436\/revisions\/25711"}],"wp:featuredmedia":[{"embeddable":true,"href":"https:\/\/www.chrismurner.ch\/en\/wp-json\/wp\/v2\/media\/14253"}],"wp:attachment":[{"href":"https:\/\/www.chrismurner.ch\/en\/wp-json\/wp\/v2\/media?parent=24436"}],"wp:term":[{"taxonomy":"product_brand","embeddable":true,"href":"https:\/\/www.chrismurner.ch\/en\/wp-json\/wp\/v2\/product_brand?post=24436"},{"taxonomy":"product_cat","embeddable":true,"href":"https:\/\/www.chrismurner.ch\/en\/wp-json\/wp\/v2\/product_cat?post=24436"},{"taxonomy":"product_tag","embeddable":true,"href":"https:\/\/www.chrismurner.ch\/en\/wp-json\/wp\/v2\/product_tag?post=24436"},{"taxonomy":"categories-smart","embeddable":true,"href":"https:\/\/www.chrismurner.ch\/en\/wp-json\/wp\/v2\/categories-smart?post=24436"},{"taxonomy":"collections","embeddable":true,"href":"https:\/\/www.chrismurner.ch\/en\/wp-json\/wp\/v2\/collections?post=24436"},{"taxonomy":"marque","embeddable":true,"href":"https:\/\/www.chrismurner.ch\/en\/wp-json\/wp\/v2\/marque?post=24436"}],"curies":[{"name":"wp","href":"https:\/\/api.w.org\/{rel}","templated":true}]}}