{"id":26709,"date":"2025-12-07T12:40:05","date_gmt":"2025-12-07T11:40:05","guid":{"rendered":"https:\/\/www.chrismurner.ch\/?post_type=product&#038;p=26709"},"modified":"2025-12-07T12:42:43","modified_gmt":"2025-12-07T11:42:43","slug":"mini-selene-3","status":"publish","type":"product","link":"https:\/\/www.chrismurner.ch\/en\/produit\/mini-selene-3\/","title":{"rendered":"Mini S\u00e9l\u00e9n\u00e9"},"content":{"rendered":"<p>A travers cette collection Lune, nous avons explor\u00e9 de nouvelles formes g\u00e9om\u00e9triques, celles-ci rappellent le style de la besace classique tout en lui apportant de la modernit\u00e9 et bien s\u00fbr la petite touche C\u2022C qui fait son charme : Les jeux de textures et les subtiles nuances de tons.<\/p>\n<p>La forme de ces mod\u00e8les \u00e9voque les phases lunaires, c\u2019est pourquoi chacun rend hommage \u00e0 une d\u00e9esse de la Lune issue de la mythologie : Luna, Dana, S\u00e9l\u00e9n\u00e9 et Sirona.<\/p>\n<ul>\n<li>format mini<\/li>\n<li>cuir de veau lisse, velours et impression croco ocre<\/li>\n<li>bandouli\u00e8re avec anneaux \u00e0 effet \u00e9caille de tortue<\/li>\n<li>fermeture-\u00e9clair<\/li>\n<li>doublure : alcantara orange<\/li>\n<li>am\u00e9nagement int\u00e9rieur : 1 poche fermeture-\u00e9clair<\/li>\n<\/ul>\n<p>&nbsp;<\/p>\n","protected":false},"excerpt":{"rendered":"<p>A travers cette collection Lune, nous avons explor\u00e9 de nouvelles formes g\u00e9om\u00e9triques, celles-ci rappellent le style de la besace classique tout en lui apportant de la modernit\u00e9 et bien s\u00fbr la petite touche C\u2022C qui fait son charme : Les jeux de textures et les subtiles nuances de tons. La forme de ces mod\u00e8les \u00e9voque [&hellip;]<\/p>\n","protected":false},"featured_media":26710,"template":"","meta":[],"product_brand":[],"product_cat":[65],"product_tag":[],"categories-smart":[209,205],"collections":[179],"marque":[165],"class_list":{"0":"post-26709","1":"product","2":"type-product","3":"status-publish","4":"has-post-thumbnail","6":"product_cat-non-classe","7":"pa_couleurs-brun2","8":"pa_couleurs-orange","9":"pa_matiere-cuir-graine","10":"pa_matiere-cuir-lisse","11":"pa_matiere-impression-exotiques","12":"categories-smart-feminin","13":"categories-smart-sacs-en-bandouliere","14":"collections-lune","15":"marque-cc-mere-et-fille","17":"first","18":"instock","19":"shipping-taxable","20":"purchasable","21":"product-type-simple"},"jetpack_sharing_enabled":true,"_links":{"self":[{"href":"https:\/\/www.chrismurner.ch\/en\/wp-json\/wp\/v2\/product\/26709","targetHints":{"allow":["GET"]}}],"collection":[{"href":"https:\/\/www.chrismurner.ch\/en\/wp-json\/wp\/v2\/product"}],"about":[{"href":"https:\/\/www.chrismurner.ch\/en\/wp-json\/wp\/v2\/types\/product"}],"version-history":[{"count":1,"href":"https:\/\/www.chrismurner.ch\/en\/wp-json\/wp\/v2\/product\/26709\/revisions"}],"predecessor-version":[{"id":26718,"href":"https:\/\/www.chrismurner.ch\/en\/wp-json\/wp\/v2\/product\/26709\/revisions\/26718"}],"wp:featuredmedia":[{"embeddable":true,"href":"https:\/\/www.chrismurner.ch\/en\/wp-json\/wp\/v2\/media\/26710"}],"wp:attachment":[{"href":"https:\/\/www.chrismurner.ch\/en\/wp-json\/wp\/v2\/media?parent=26709"}],"wp:term":[{"taxonomy":"product_brand","embeddable":true,"href":"https:\/\/www.chrismurner.ch\/en\/wp-json\/wp\/v2\/product_brand?post=26709"},{"taxonomy":"product_cat","embeddable":true,"href":"https:\/\/www.chrismurner.ch\/en\/wp-json\/wp\/v2\/product_cat?post=26709"},{"taxonomy":"product_tag","embeddable":true,"href":"https:\/\/www.chrismurner.ch\/en\/wp-json\/wp\/v2\/product_tag?post=26709"},{"taxonomy":"categories-smart","embeddable":true,"href":"https:\/\/www.chrismurner.ch\/en\/wp-json\/wp\/v2\/categories-smart?post=26709"},{"taxonomy":"collections","embeddable":true,"href":"https:\/\/www.chrismurner.ch\/en\/wp-json\/wp\/v2\/collections?post=26709"},{"taxonomy":"marque","embeddable":true,"href":"https:\/\/www.chrismurner.ch\/en\/wp-json\/wp\/v2\/marque?post=26709"}],"curies":[{"name":"wp","href":"https:\/\/api.w.org\/{rel}","templated":true}]}}