{"id":26799,"date":"2025-12-07T15:17:57","date_gmt":"2025-12-07T14:17:57","guid":{"rendered":"https:\/\/www.chrismurner.ch\/?post_type=product&#038;p=26799"},"modified":"2025-12-07T15:26:57","modified_gmt":"2025-12-07T14:26:57","slug":"mini-retro","status":"publish","type":"product","link":"https:\/\/www.chrismurner.ch\/en\/produit\/mini-retro\/","title":{"rendered":"Mini retro"},"content":{"rendered":"<ul>\n<li>cuir lisse, veau velours gaufr\u00e9 bordeaux<\/li>\n<li>1 poign\u00e9e, 1 bandouli\u00e8re amovible<\/li>\n<li>fermeture aimant<\/li>\n<li>doublure : alcantara brun<\/li>\n<li>am\u00e9nagement int\u00e9rieur : 1 poche fermeture-\u00e9clair, 1 poche simple<\/li>\n<\/ul>\n","protected":false},"excerpt":{"rendered":"<p>cuir lisse, veau velours gaufr\u00e9 bordeaux 1 poign\u00e9e, 1 bandouli\u00e8re amovible fermeture aimant doublure : alcantara brun am\u00e9nagement int\u00e9rieur : 1 poche fermeture-\u00e9clair, 1 poche simple<\/p>\n","protected":false},"featured_media":26800,"template":"","meta":[],"product_brand":[],"product_cat":[65],"product_tag":[],"categories-smart":[209,202,210,205],"collections":[],"marque":[164],"class_list":{"0":"post-26799","1":"product","2":"type-product","3":"status-publish","4":"has-post-thumbnail","6":"product_cat-non-classe","7":"pa_couleurs-bordeaux","8":"pa_matiere-cuir-a-poils","9":"categories-smart-feminin","10":"categories-smart-sacs-a-main","11":"categories-smart-sacs-de-soiree","12":"categories-smart-sacs-en-bandouliere","13":"marque-chris-murner","15":"first","16":"instock","17":"shipping-taxable","18":"purchasable","19":"product-type-simple"},"jetpack_sharing_enabled":true,"_links":{"self":[{"href":"https:\/\/www.chrismurner.ch\/en\/wp-json\/wp\/v2\/product\/26799","targetHints":{"allow":["GET"]}}],"collection":[{"href":"https:\/\/www.chrismurner.ch\/en\/wp-json\/wp\/v2\/product"}],"about":[{"href":"https:\/\/www.chrismurner.ch\/en\/wp-json\/wp\/v2\/types\/product"}],"version-history":[{"count":3,"href":"https:\/\/www.chrismurner.ch\/en\/wp-json\/wp\/v2\/product\/26799\/revisions"}],"predecessor-version":[{"id":26812,"href":"https:\/\/www.chrismurner.ch\/en\/wp-json\/wp\/v2\/product\/26799\/revisions\/26812"}],"wp:featuredmedia":[{"embeddable":true,"href":"https:\/\/www.chrismurner.ch\/en\/wp-json\/wp\/v2\/media\/26800"}],"wp:attachment":[{"href":"https:\/\/www.chrismurner.ch\/en\/wp-json\/wp\/v2\/media?parent=26799"}],"wp:term":[{"taxonomy":"product_brand","embeddable":true,"href":"https:\/\/www.chrismurner.ch\/en\/wp-json\/wp\/v2\/product_brand?post=26799"},{"taxonomy":"product_cat","embeddable":true,"href":"https:\/\/www.chrismurner.ch\/en\/wp-json\/wp\/v2\/product_cat?post=26799"},{"taxonomy":"product_tag","embeddable":true,"href":"https:\/\/www.chrismurner.ch\/en\/wp-json\/wp\/v2\/product_tag?post=26799"},{"taxonomy":"categories-smart","embeddable":true,"href":"https:\/\/www.chrismurner.ch\/en\/wp-json\/wp\/v2\/categories-smart?post=26799"},{"taxonomy":"collections","embeddable":true,"href":"https:\/\/www.chrismurner.ch\/en\/wp-json\/wp\/v2\/collections?post=26799"},{"taxonomy":"marque","embeddable":true,"href":"https:\/\/www.chrismurner.ch\/en\/wp-json\/wp\/v2\/marque?post=26799"}],"curies":[{"name":"wp","href":"https:\/\/api.w.org\/{rel}","templated":true}]}}