{"id":26839,"date":"2025-12-07T16:08:42","date_gmt":"2025-12-07T15:08:42","guid":{"rendered":"https:\/\/www.chrismurner.ch\/?post_type=product&#038;p=26839"},"modified":"2025-12-07T16:16:48","modified_gmt":"2025-12-07T15:16:48","slug":"sac-a-dos-l-noir","status":"publish","type":"product","link":"https:\/\/www.chrismurner.ch\/en\/produit\/sac-a-dos-l-noir\/","title":{"rendered":"Sac \u00e0 dos L"},"content":{"rendered":"<ul>\n<li>format A4 taille L<\/li>\n<li>cuir lisse et grain\u00e9 noir<\/li>\n<li>sangles r\u00e9glables<\/li>\n<li>fermeture sur le c\u00f4t\u00e9<\/li>\n<li>anneau effet corne<\/li>\n<li>doublure : cordura rouge<\/li>\n<li>am\u00e9nagement int\u00e9rieur : 1 poche compartiment ordinateur, 1 poche simple, 1 poche stylo<\/li>\n<\/ul>\n","protected":false},"excerpt":{"rendered":"<p>format A4 taille L cuir lisse et grain\u00e9 noir sangles r\u00e9glables fermeture sur le c\u00f4t\u00e9 anneau effet corne doublure : cordura rouge am\u00e9nagement int\u00e9rieur : 1 poche compartiment ordinateur, 1 poche simple, 1 poche stylo<\/p>\n","protected":false},"featured_media":26840,"template":"","meta":[],"product_brand":[],"product_cat":[65],"product_tag":[],"categories-smart":[209,208,203],"collections":[175],"marque":[164],"class_list":{"0":"post-26839","1":"product","2":"type-product","3":"status-publish","4":"has-post-thumbnail","6":"product_cat-non-classe","7":"pa_couleurs-noir","8":"pa_matiere-cuir-graine","9":"pa_matiere-cuir-lisse","10":"categories-smart-feminin","11":"categories-smart-masculin","12":"categories-smart-sacs-a-dos","13":"collections-homme","14":"marque-chris-murner","16":"first","17":"instock","18":"shipping-taxable","19":"purchasable","20":"product-type-simple"},"jetpack_sharing_enabled":true,"_links":{"self":[{"href":"https:\/\/www.chrismurner.ch\/en\/wp-json\/wp\/v2\/product\/26839","targetHints":{"allow":["GET"]}}],"collection":[{"href":"https:\/\/www.chrismurner.ch\/en\/wp-json\/wp\/v2\/product"}],"about":[{"href":"https:\/\/www.chrismurner.ch\/en\/wp-json\/wp\/v2\/types\/product"}],"version-history":[{"count":2,"href":"https:\/\/www.chrismurner.ch\/en\/wp-json\/wp\/v2\/product\/26839\/revisions"}],"predecessor-version":[{"id":26844,"href":"https:\/\/www.chrismurner.ch\/en\/wp-json\/wp\/v2\/product\/26839\/revisions\/26844"}],"wp:featuredmedia":[{"embeddable":true,"href":"https:\/\/www.chrismurner.ch\/en\/wp-json\/wp\/v2\/media\/26840"}],"wp:attachment":[{"href":"https:\/\/www.chrismurner.ch\/en\/wp-json\/wp\/v2\/media?parent=26839"}],"wp:term":[{"taxonomy":"product_brand","embeddable":true,"href":"https:\/\/www.chrismurner.ch\/en\/wp-json\/wp\/v2\/product_brand?post=26839"},{"taxonomy":"product_cat","embeddable":true,"href":"https:\/\/www.chrismurner.ch\/en\/wp-json\/wp\/v2\/product_cat?post=26839"},{"taxonomy":"product_tag","embeddable":true,"href":"https:\/\/www.chrismurner.ch\/en\/wp-json\/wp\/v2\/product_tag?post=26839"},{"taxonomy":"categories-smart","embeddable":true,"href":"https:\/\/www.chrismurner.ch\/en\/wp-json\/wp\/v2\/categories-smart?post=26839"},{"taxonomy":"collections","embeddable":true,"href":"https:\/\/www.chrismurner.ch\/en\/wp-json\/wp\/v2\/collections?post=26839"},{"taxonomy":"marque","embeddable":true,"href":"https:\/\/www.chrismurner.ch\/en\/wp-json\/wp\/v2\/marque?post=26839"}],"curies":[{"name":"wp","href":"https:\/\/api.w.org\/{rel}","templated":true}]}}