{"id":26901,"date":"2025-12-14T14:05:25","date_gmt":"2025-12-14T13:05:25","guid":{"rendered":"https:\/\/www.chrismurner.ch\/?post_type=product&#038;p=26901"},"modified":"2025-12-14T14:05:45","modified_gmt":"2025-12-14T13:05:45","slug":"nova-taille-s","status":"publish","type":"product","link":"https:\/\/www.chrismurner.ch\/en\/produit\/nova-taille-s\/","title":{"rendered":"Nova taille S"},"content":{"rendered":"<p>NOVA c\u00e9l\u00e8bre le renouveau et le mouvement perp\u00e9tuel de la vie, nous invitant \u00e0 contempler les plaisirs simples de notre existence. Les mati\u00e8res et les teintes s\u2019inspirent des \u00e9l\u00e9ments naturels, comme les tons des min\u00e9raux.<br \/>\nEn trois tailles et une vari\u00e9t\u00e9 de coloris, cette collection a \u00e9t\u00e9 confectionn\u00e9e dans notre atelier, avec des cuirs de tanneries europ\u00e9ennes \u00e9co-responsables et d\u2019usine de fin de stock comme toujours.<\/p>\n<ul>\n<li>format S<\/li>\n<li>cuir lisse et grain\u00e9 brun cognac<\/li>\n<li>bandouli\u00e8re amovible avec boucle recouverte<\/li>\n<li>2 poches sur chaque face<\/li>\n<li>am\u00e9nagement int\u00e9rieur : 1 poche simple<\/li>\n<li>doublure : alcantara brun<\/li>\n<\/ul>\n","protected":false},"excerpt":{"rendered":"<p>NOVA c\u00e9l\u00e8bre le renouveau et le mouvement perp\u00e9tuel de la vie, nous invitant \u00e0 contempler les plaisirs simples de notre existence. Les mati\u00e8res et les teintes s\u2019inspirent des \u00e9l\u00e9ments naturels, comme les tons des min\u00e9raux. En trois tailles et une vari\u00e9t\u00e9 de coloris, cette collection a \u00e9t\u00e9 confectionn\u00e9e dans notre atelier, avec des cuirs de [&hellip;]<\/p>\n","protected":false},"featured_media":9888,"template":"","meta":[],"product_brand":[],"product_cat":[65],"product_tag":[],"categories-smart":[209,205],"collections":[177],"marque":[165],"class_list":{"0":"post-26901","1":"product","2":"type-product","3":"status-publish","4":"has-post-thumbnail","6":"product_cat-non-classe","7":"pa_matiere-cuir-graine","8":"pa_matiere-cuir-lisse","9":"categories-smart-feminin","10":"categories-smart-sacs-en-bandouliere","11":"collections-nova","12":"marque-cc-mere-et-fille","14":"first","15":"instock","16":"shipping-taxable","17":"purchasable","18":"product-type-simple"},"jetpack_sharing_enabled":true,"_links":{"self":[{"href":"https:\/\/www.chrismurner.ch\/en\/wp-json\/wp\/v2\/product\/26901","targetHints":{"allow":["GET"]}}],"collection":[{"href":"https:\/\/www.chrismurner.ch\/en\/wp-json\/wp\/v2\/product"}],"about":[{"href":"https:\/\/www.chrismurner.ch\/en\/wp-json\/wp\/v2\/types\/product"}],"version-history":[{"count":1,"href":"https:\/\/www.chrismurner.ch\/en\/wp-json\/wp\/v2\/product\/26901\/revisions"}],"predecessor-version":[{"id":26902,"href":"https:\/\/www.chrismurner.ch\/en\/wp-json\/wp\/v2\/product\/26901\/revisions\/26902"}],"wp:featuredmedia":[{"embeddable":true,"href":"https:\/\/www.chrismurner.ch\/en\/wp-json\/wp\/v2\/media\/9888"}],"wp:attachment":[{"href":"https:\/\/www.chrismurner.ch\/en\/wp-json\/wp\/v2\/media?parent=26901"}],"wp:term":[{"taxonomy":"product_brand","embeddable":true,"href":"https:\/\/www.chrismurner.ch\/en\/wp-json\/wp\/v2\/product_brand?post=26901"},{"taxonomy":"product_cat","embeddable":true,"href":"https:\/\/www.chrismurner.ch\/en\/wp-json\/wp\/v2\/product_cat?post=26901"},{"taxonomy":"product_tag","embeddable":true,"href":"https:\/\/www.chrismurner.ch\/en\/wp-json\/wp\/v2\/product_tag?post=26901"},{"taxonomy":"categories-smart","embeddable":true,"href":"https:\/\/www.chrismurner.ch\/en\/wp-json\/wp\/v2\/categories-smart?post=26901"},{"taxonomy":"collections","embeddable":true,"href":"https:\/\/www.chrismurner.ch\/en\/wp-json\/wp\/v2\/collections?post=26901"},{"taxonomy":"marque","embeddable":true,"href":"https:\/\/www.chrismurner.ch\/en\/wp-json\/wp\/v2\/marque?post=26901"}],"curies":[{"name":"wp","href":"https:\/\/api.w.org\/{rel}","templated":true}]}}