{"id":26903,"date":"2025-12-14T14:12:57","date_gmt":"2025-12-14T13:12:57","guid":{"rendered":"https:\/\/www.chrismurner.ch\/?post_type=product&#038;p=26903"},"modified":"2025-12-14T14:13:23","modified_gmt":"2025-12-14T13:13:23","slug":"kayla-6","status":"publish","type":"product","link":"https:\/\/www.chrismurner.ch\/en\/produit\/kayla-6\/","title":{"rendered":"Kayla"},"content":{"rendered":"<p>Ce mod\u00e8le hors collection est unique par sa forme hexagonale et son double rabat avec sa poche secr\u00e8te. Ce qui fait \u00e9galement sa particularit\u00e9, c\u2019est son jeu bi-couleur et\/ou bi-mati\u00e8re.<\/p>\n<ul>\n<li>cuir de veau lisse et velours aubergine<\/li>\n<li>1 bandouli\u00e8re avec mousquetons dor\u00e9s<\/li>\n<li>1 poche ext\u00e9rieure entre les deux rabats<\/li>\n<li>doublure: alcantara rouge<\/li>\n<li>am\u00e9nagement int\u00e9rieur : 1 poche fermeture-\u00e9clair<\/li>\n<\/ul>\n","protected":false},"excerpt":{"rendered":"<p>Ce mod\u00e8le hors collection est unique par sa forme hexagonale et son double rabat avec sa poche secr\u00e8te. Ce qui fait \u00e9galement sa particularit\u00e9, c\u2019est son jeu bi-couleur et\/ou bi-mati\u00e8re. cuir de veau lisse et velours aubergine 1 bandouli\u00e8re avec mousquetons dor\u00e9s 1 poche ext\u00e9rieure entre les deux rabats doublure: alcantara rouge am\u00e9nagement int\u00e9rieur : [&hellip;]<\/p>\n","protected":false},"featured_media":21826,"template":"","meta":[],"product_brand":[],"product_cat":[65],"product_tag":[],"categories-smart":[209,210,205],"collections":[184],"marque":[165],"class_list":{"0":"post-26903","1":"product","2":"type-product","3":"status-publish","4":"has-post-thumbnail","6":"product_cat-non-classe","7":"pa_couleurs-bordeaux","8":"pa_matiere-cuir-lisse","9":"pa_matiere-cuir-velours","10":"categories-smart-feminin","11":"categories-smart-sacs-de-soiree","12":"categories-smart-sacs-en-bandouliere","13":"collections-hors-collection","14":"marque-cc-mere-et-fille","16":"first","17":"instock","18":"shipping-taxable","19":"purchasable","20":"product-type-simple"},"jetpack_sharing_enabled":true,"_links":{"self":[{"href":"https:\/\/www.chrismurner.ch\/en\/wp-json\/wp\/v2\/product\/26903","targetHints":{"allow":["GET"]}}],"collection":[{"href":"https:\/\/www.chrismurner.ch\/en\/wp-json\/wp\/v2\/product"}],"about":[{"href":"https:\/\/www.chrismurner.ch\/en\/wp-json\/wp\/v2\/types\/product"}],"version-history":[{"count":1,"href":"https:\/\/www.chrismurner.ch\/en\/wp-json\/wp\/v2\/product\/26903\/revisions"}],"predecessor-version":[{"id":26904,"href":"https:\/\/www.chrismurner.ch\/en\/wp-json\/wp\/v2\/product\/26903\/revisions\/26904"}],"wp:featuredmedia":[{"embeddable":true,"href":"https:\/\/www.chrismurner.ch\/en\/wp-json\/wp\/v2\/media\/21826"}],"wp:attachment":[{"href":"https:\/\/www.chrismurner.ch\/en\/wp-json\/wp\/v2\/media?parent=26903"}],"wp:term":[{"taxonomy":"product_brand","embeddable":true,"href":"https:\/\/www.chrismurner.ch\/en\/wp-json\/wp\/v2\/product_brand?post=26903"},{"taxonomy":"product_cat","embeddable":true,"href":"https:\/\/www.chrismurner.ch\/en\/wp-json\/wp\/v2\/product_cat?post=26903"},{"taxonomy":"product_tag","embeddable":true,"href":"https:\/\/www.chrismurner.ch\/en\/wp-json\/wp\/v2\/product_tag?post=26903"},{"taxonomy":"categories-smart","embeddable":true,"href":"https:\/\/www.chrismurner.ch\/en\/wp-json\/wp\/v2\/categories-smart?post=26903"},{"taxonomy":"collections","embeddable":true,"href":"https:\/\/www.chrismurner.ch\/en\/wp-json\/wp\/v2\/collections?post=26903"},{"taxonomy":"marque","embeddable":true,"href":"https:\/\/www.chrismurner.ch\/en\/wp-json\/wp\/v2\/marque?post=26903"}],"curies":[{"name":"wp","href":"https:\/\/api.w.org\/{rel}","templated":true}]}}