{"id":26905,"date":"2025-12-14T14:21:09","date_gmt":"2025-12-14T13:21:09","guid":{"rendered":"https:\/\/www.chrismurner.ch\/?post_type=product&#038;p=26905"},"modified":"2025-12-14T15:14:25","modified_gmt":"2025-12-14T14:14:25","slug":"noah-10","status":"publish","type":"product","link":"https:\/\/www.chrismurner.ch\/en\/produit\/noah-10\/","title":{"rendered":"Noah"},"content":{"rendered":"<p>Ce mod\u00e8le hors collection revisite une forme classique de style box. Il dispose d\u2019un jeu de texture et d\u2019anneaux d\u00e9coratifs.<\/p>\n<ul>\n<li>cuir de veau lisse, velours et \u00e0 impression croco rouge vif<\/li>\n<li>bandouli\u00e8re amovible avec d\u00e9tail anneaux (peut \u00eatre port\u00e9 en bandouli\u00e8re ou \u00e0 l&#8217;\u00e9paule)<\/li>\n<li>doublure : alcantara rouge<\/li>\n<li>am\u00e9nagement int\u00e9rieur : 1 poche simple avant, 1 poche fermeture-\u00e9clair<\/li>\n<\/ul>\n","protected":false},"excerpt":{"rendered":"<p>Ce mod\u00e8le hors collection revisite une forme classique de style box. Il dispose d\u2019un jeu de texture et d\u2019anneaux d\u00e9coratifs. cuir de veau lisse, velours et \u00e0 impression croco rouge vif bandouli\u00e8re amovible avec d\u00e9tail anneaux (peut \u00eatre port\u00e9 en bandouli\u00e8re ou \u00e0 l&#8217;\u00e9paule) doublure : alcantara rouge am\u00e9nagement int\u00e9rieur : 1 poche simple avant, [&hellip;]<\/p>\n","protected":false},"featured_media":26906,"template":"","meta":[],"product_brand":[],"product_cat":[245,65],"product_tag":[],"categories-smart":[209,205],"collections":[184],"marque":[165],"class_list":{"0":"post-26905","1":"product","2":"type-product","3":"status-publish","4":"has-post-thumbnail","6":"product_cat-look-original","7":"product_cat-non-classe","8":"pa_couleurs-rouge","9":"pa_matiere-cuir-lisse","10":"pa_matiere-cuir-velours","11":"pa_matiere-impression-exotiques","12":"categories-smart-feminin","13":"categories-smart-sacs-en-bandouliere","14":"collections-hors-collection","15":"marque-cc-mere-et-fille","17":"first","18":"instock","19":"shipping-taxable","20":"purchasable","21":"product-type-simple"},"jetpack_sharing_enabled":true,"_links":{"self":[{"href":"https:\/\/www.chrismurner.ch\/en\/wp-json\/wp\/v2\/product\/26905","targetHints":{"allow":["GET"]}}],"collection":[{"href":"https:\/\/www.chrismurner.ch\/en\/wp-json\/wp\/v2\/product"}],"about":[{"href":"https:\/\/www.chrismurner.ch\/en\/wp-json\/wp\/v2\/types\/product"}],"version-history":[{"count":2,"href":"https:\/\/www.chrismurner.ch\/en\/wp-json\/wp\/v2\/product\/26905\/revisions"}],"predecessor-version":[{"id":26917,"href":"https:\/\/www.chrismurner.ch\/en\/wp-json\/wp\/v2\/product\/26905\/revisions\/26917"}],"wp:featuredmedia":[{"embeddable":true,"href":"https:\/\/www.chrismurner.ch\/en\/wp-json\/wp\/v2\/media\/26906"}],"wp:attachment":[{"href":"https:\/\/www.chrismurner.ch\/en\/wp-json\/wp\/v2\/media?parent=26905"}],"wp:term":[{"taxonomy":"product_brand","embeddable":true,"href":"https:\/\/www.chrismurner.ch\/en\/wp-json\/wp\/v2\/product_brand?post=26905"},{"taxonomy":"product_cat","embeddable":true,"href":"https:\/\/www.chrismurner.ch\/en\/wp-json\/wp\/v2\/product_cat?post=26905"},{"taxonomy":"product_tag","embeddable":true,"href":"https:\/\/www.chrismurner.ch\/en\/wp-json\/wp\/v2\/product_tag?post=26905"},{"taxonomy":"categories-smart","embeddable":true,"href":"https:\/\/www.chrismurner.ch\/en\/wp-json\/wp\/v2\/categories-smart?post=26905"},{"taxonomy":"collections","embeddable":true,"href":"https:\/\/www.chrismurner.ch\/en\/wp-json\/wp\/v2\/collections?post=26905"},{"taxonomy":"marque","embeddable":true,"href":"https:\/\/www.chrismurner.ch\/en\/wp-json\/wp\/v2\/marque?post=26905"}],"curies":[{"name":"wp","href":"https:\/\/api.w.org\/{rel}","templated":true}]}}