{"id":26929,"date":"2025-12-14T14:45:22","date_gmt":"2025-12-14T13:45:22","guid":{"rendered":"https:\/\/www.chrismurner.ch\/?post_type=product&#038;p=26929"},"modified":"2025-12-14T14:45:59","modified_gmt":"2025-12-14T13:45:59","slug":"mia-grande-8","status":"publish","type":"product","link":"https:\/\/www.chrismurner.ch\/en\/produit\/mia-grande-8\/","title":{"rendered":"Mia Grande"},"content":{"rendered":"<p>La collection Mia &amp; Nina : MIA, est un mod\u00e8le revisit\u00e9 du sac-banane classique pour un style plus sportwear et unisexe, tout en gardant l\u2019\u00e9l\u00e9gance de la qualit\u00e9 et des belles mati\u00e8res. NINA, quant \u00e0 elle, est plus chic et sophistiqu\u00e9e et est r\u00e9alis\u00e9e dans des combinaisons de cuirs.<\/p>\n<ul>\n<li>format grande<\/li>\n<li>cuir grain\u00e9 bordeaux<\/li>\n<li>bandouli\u00e8re amovible noir<\/li>\n<li>doublure: alcantara rouge \u00e0 motif rond<\/li>\n<\/ul>\n<p>&nbsp;<\/p>\n","protected":false},"excerpt":{"rendered":"<p>La collection Mia &amp; Nina : MIA, est un mod\u00e8le revisit\u00e9 du sac-banane classique pour un style plus sportwear et unisexe, tout en gardant l\u2019\u00e9l\u00e9gance de la qualit\u00e9 et des belles mati\u00e8res. NINA, quant \u00e0 elle, est plus chic et sophistiqu\u00e9e et est r\u00e9alis\u00e9e dans des combinaisons de cuirs. format grande cuir grain\u00e9 bordeaux bandouli\u00e8re [&hellip;]<\/p>\n","protected":false},"featured_media":17767,"template":"","meta":[],"product_brand":[],"product_cat":[65],"product_tag":[],"categories-smart":[209,208,213],"collections":[181],"marque":[165],"class_list":{"0":"post-26929","1":"product","2":"type-product","3":"status-publish","4":"has-post-thumbnail","6":"product_cat-non-classe","7":"pa_couleurs-rouge","8":"pa_matiere-cuir-graine","9":"categories-smart-feminin","10":"categories-smart-masculin","11":"categories-smart-sacs-banane","12":"collections-mia-et-nina","13":"marque-cc-mere-et-fille","15":"first","16":"instock","17":"shipping-taxable","18":"purchasable","19":"product-type-simple"},"jetpack_sharing_enabled":true,"_links":{"self":[{"href":"https:\/\/www.chrismurner.ch\/en\/wp-json\/wp\/v2\/product\/26929","targetHints":{"allow":["GET"]}}],"collection":[{"href":"https:\/\/www.chrismurner.ch\/en\/wp-json\/wp\/v2\/product"}],"about":[{"href":"https:\/\/www.chrismurner.ch\/en\/wp-json\/wp\/v2\/types\/product"}],"version-history":[{"count":1,"href":"https:\/\/www.chrismurner.ch\/en\/wp-json\/wp\/v2\/product\/26929\/revisions"}],"predecessor-version":[{"id":26930,"href":"https:\/\/www.chrismurner.ch\/en\/wp-json\/wp\/v2\/product\/26929\/revisions\/26930"}],"wp:featuredmedia":[{"embeddable":true,"href":"https:\/\/www.chrismurner.ch\/en\/wp-json\/wp\/v2\/media\/17767"}],"wp:attachment":[{"href":"https:\/\/www.chrismurner.ch\/en\/wp-json\/wp\/v2\/media?parent=26929"}],"wp:term":[{"taxonomy":"product_brand","embeddable":true,"href":"https:\/\/www.chrismurner.ch\/en\/wp-json\/wp\/v2\/product_brand?post=26929"},{"taxonomy":"product_cat","embeddable":true,"href":"https:\/\/www.chrismurner.ch\/en\/wp-json\/wp\/v2\/product_cat?post=26929"},{"taxonomy":"product_tag","embeddable":true,"href":"https:\/\/www.chrismurner.ch\/en\/wp-json\/wp\/v2\/product_tag?post=26929"},{"taxonomy":"categories-smart","embeddable":true,"href":"https:\/\/www.chrismurner.ch\/en\/wp-json\/wp\/v2\/categories-smart?post=26929"},{"taxonomy":"collections","embeddable":true,"href":"https:\/\/www.chrismurner.ch\/en\/wp-json\/wp\/v2\/collections?post=26929"},{"taxonomy":"marque","embeddable":true,"href":"https:\/\/www.chrismurner.ch\/en\/wp-json\/wp\/v2\/marque?post=26929"}],"curies":[{"name":"wp","href":"https:\/\/api.w.org\/{rel}","templated":true}]}}