{"id":26947,"date":"2025-12-14T15:22:53","date_gmt":"2025-12-14T14:22:53","guid":{"rendered":"https:\/\/www.chrismurner.ch\/?post_type=product&#038;p=26947"},"modified":"2025-12-14T15:26:15","modified_gmt":"2025-12-14T14:26:15","slug":"rectangle-bauhaus-5","status":"publish","type":"product","link":"https:\/\/www.chrismurner.ch\/en\/produit\/rectangle-bauhaus-5\/","title":{"rendered":"Rectangle bauhaus"},"content":{"rendered":"<p>En r\u00e9f\u00e9rence au mouvement Bauhaus (d\u00e9but 20e s.) qui veut allier une nouvelle esth\u00e9tique \u00e9pur\u00e9e aux lignes essentielles et investir l\u2019Art dans la vie en offrant une libert\u00e9 esth\u00e9tique \u00e0 la fonction, je construis mes cr\u00e9ations \u00e0 travers cette philosophie et ces valeurs qui ont d\u00e9fini mon style, et qui reste la source de mes inspirations depuis + 40 ans.<\/p>\n<p>La Maroquinerie reste\u00a0 un\u00a0 \u00ab\u00a0Art de vivre\u00a0\u00bb\u00a0 pour cet objet ins\u00e9parable de votre quotidien.<\/p>\n<ul>\n<li>cuirs divers bruns<\/li>\n<li>1 rabat avec aimants<\/li>\n<li>bandouli\u00e8re amovible<\/li>\n<li>doublure : alcantara brun<\/li>\n<li>am\u00e9nagement int\u00e9rieur : 1 poche fermeture-\u00e9clair, 2 poches simples<\/li>\n<\/ul>\n","protected":false},"excerpt":{"rendered":"<p>En r\u00e9f\u00e9rence au mouvement Bauhaus (d\u00e9but 20e s.) qui veut allier une nouvelle esth\u00e9tique \u00e9pur\u00e9e aux lignes essentielles et investir l\u2019Art dans la vie en offrant une libert\u00e9 esth\u00e9tique \u00e0 la fonction, je construis mes cr\u00e9ations \u00e0 travers cette philosophie et ces valeurs qui ont d\u00e9fini mon style, et qui reste la source de mes [&hellip;]<\/p>\n","protected":false},"featured_media":26948,"template":"","meta":[],"product_brand":[],"product_cat":[65],"product_tag":[],"categories-smart":[209,205],"collections":[173],"marque":[164],"class_list":{"0":"post-26947","1":"product","2":"type-product","3":"status-publish","4":"has-post-thumbnail","6":"product_cat-non-classe","7":"pa_couleurs-brun2","8":"pa_matiere-cuir-a-poils","9":"categories-smart-feminin","10":"categories-smart-sacs-en-bandouliere","11":"collections-la-maroquinerie-un-art-de-vivre","12":"marque-chris-murner","14":"first","15":"instock","16":"shipping-taxable","17":"purchasable","18":"product-type-simple"},"jetpack_sharing_enabled":true,"_links":{"self":[{"href":"https:\/\/www.chrismurner.ch\/en\/wp-json\/wp\/v2\/product\/26947","targetHints":{"allow":["GET"]}}],"collection":[{"href":"https:\/\/www.chrismurner.ch\/en\/wp-json\/wp\/v2\/product"}],"about":[{"href":"https:\/\/www.chrismurner.ch\/en\/wp-json\/wp\/v2\/types\/product"}],"version-history":[{"count":1,"href":"https:\/\/www.chrismurner.ch\/en\/wp-json\/wp\/v2\/product\/26947\/revisions"}],"predecessor-version":[{"id":26956,"href":"https:\/\/www.chrismurner.ch\/en\/wp-json\/wp\/v2\/product\/26947\/revisions\/26956"}],"wp:featuredmedia":[{"embeddable":true,"href":"https:\/\/www.chrismurner.ch\/en\/wp-json\/wp\/v2\/media\/26948"}],"wp:attachment":[{"href":"https:\/\/www.chrismurner.ch\/en\/wp-json\/wp\/v2\/media?parent=26947"}],"wp:term":[{"taxonomy":"product_brand","embeddable":true,"href":"https:\/\/www.chrismurner.ch\/en\/wp-json\/wp\/v2\/product_brand?post=26947"},{"taxonomy":"product_cat","embeddable":true,"href":"https:\/\/www.chrismurner.ch\/en\/wp-json\/wp\/v2\/product_cat?post=26947"},{"taxonomy":"product_tag","embeddable":true,"href":"https:\/\/www.chrismurner.ch\/en\/wp-json\/wp\/v2\/product_tag?post=26947"},{"taxonomy":"categories-smart","embeddable":true,"href":"https:\/\/www.chrismurner.ch\/en\/wp-json\/wp\/v2\/categories-smart?post=26947"},{"taxonomy":"collections","embeddable":true,"href":"https:\/\/www.chrismurner.ch\/en\/wp-json\/wp\/v2\/collections?post=26947"},{"taxonomy":"marque","embeddable":true,"href":"https:\/\/www.chrismurner.ch\/en\/wp-json\/wp\/v2\/marque?post=26947"}],"curies":[{"name":"wp","href":"https:\/\/api.w.org\/{rel}","templated":true}]}}