{"id":26960,"date":"2025-12-14T15:50:34","date_gmt":"2025-12-14T14:50:34","guid":{"rendered":"https:\/\/www.chrismurner.ch\/?post_type=product&#038;p=26960"},"modified":"2025-12-14T15:58:33","modified_gmt":"2025-12-14T14:58:33","slug":"banane-normande","status":"publish","type":"product","link":"https:\/\/www.chrismurner.ch\/en\/produit\/banane-normande\/","title":{"rendered":"Banane normande"},"content":{"rendered":"<ul>\n<li>peau de vache<\/li>\n<li>bandouli\u00e8re amovible<\/li>\n<li>doublure : alcantara brun<\/li>\n<li>am\u00e9nagement int\u00e9rieur : 1 poche fermeture-\u00e9clair, 1 poche simple<\/li>\n<\/ul>\n","protected":false},"excerpt":{"rendered":"<p>peau de vache bandouli\u00e8re amovible doublure : alcantara brun am\u00e9nagement int\u00e9rieur : 1 poche fermeture-\u00e9clair, 1 poche simple<\/p>\n","protected":false},"featured_media":26963,"template":"","meta":[],"product_brand":[],"product_cat":[65],"product_tag":[],"categories-smart":[209,213,205],"collections":[],"marque":[164],"class_list":{"0":"post-26960","1":"product","2":"type-product","3":"status-publish","4":"has-post-thumbnail","6":"product_cat-non-classe","7":"pa_couleurs-brun2","8":"pa_couleurs-multicolore","9":"pa_matiere-cuir-a-poils","10":"categories-smart-feminin","11":"categories-smart-sacs-banane","12":"categories-smart-sacs-en-bandouliere","13":"marque-chris-murner","15":"first","16":"instock","17":"shipping-taxable","18":"purchasable","19":"product-type-simple"},"jetpack_sharing_enabled":true,"_links":{"self":[{"href":"https:\/\/www.chrismurner.ch\/en\/wp-json\/wp\/v2\/product\/26960","targetHints":{"allow":["GET"]}}],"collection":[{"href":"https:\/\/www.chrismurner.ch\/en\/wp-json\/wp\/v2\/product"}],"about":[{"href":"https:\/\/www.chrismurner.ch\/en\/wp-json\/wp\/v2\/types\/product"}],"version-history":[{"count":1,"href":"https:\/\/www.chrismurner.ch\/en\/wp-json\/wp\/v2\/product\/26960\/revisions"}],"predecessor-version":[{"id":26967,"href":"https:\/\/www.chrismurner.ch\/en\/wp-json\/wp\/v2\/product\/26960\/revisions\/26967"}],"wp:featuredmedia":[{"embeddable":true,"href":"https:\/\/www.chrismurner.ch\/en\/wp-json\/wp\/v2\/media\/26963"}],"wp:attachment":[{"href":"https:\/\/www.chrismurner.ch\/en\/wp-json\/wp\/v2\/media?parent=26960"}],"wp:term":[{"taxonomy":"product_brand","embeddable":true,"href":"https:\/\/www.chrismurner.ch\/en\/wp-json\/wp\/v2\/product_brand?post=26960"},{"taxonomy":"product_cat","embeddable":true,"href":"https:\/\/www.chrismurner.ch\/en\/wp-json\/wp\/v2\/product_cat?post=26960"},{"taxonomy":"product_tag","embeddable":true,"href":"https:\/\/www.chrismurner.ch\/en\/wp-json\/wp\/v2\/product_tag?post=26960"},{"taxonomy":"categories-smart","embeddable":true,"href":"https:\/\/www.chrismurner.ch\/en\/wp-json\/wp\/v2\/categories-smart?post=26960"},{"taxonomy":"collections","embeddable":true,"href":"https:\/\/www.chrismurner.ch\/en\/wp-json\/wp\/v2\/collections?post=26960"},{"taxonomy":"marque","embeddable":true,"href":"https:\/\/www.chrismurner.ch\/en\/wp-json\/wp\/v2\/marque?post=26960"}],"curies":[{"name":"wp","href":"https:\/\/api.w.org\/{rel}","templated":true}]}}